{"id":157,"date":"2026-02-24T13:43:30","date_gmt":"2026-02-24T12:43:30","guid":{"rendered":"https:\/\/sv1864.wmartin.eu\/?page_id=157"},"modified":"2026-02-24T13:43:30","modified_gmt":"2026-02-24T12:43:30","slug":"ueber-uns","status":"publish","type":"page","link":"https:\/\/sv-nieder-erlenbach.de\/?page_id=157","title":{"rendered":"\u00dcber uns&#8230;"},"content":{"rendered":"\n<p>Der Sch\u00fctzenverein 1864 Nieder-Erlenbach e.V. ist der \u00e4lteste Verein Nieder-Erlenbachs und blickt auf eine langj\u00e4hrige Tradition zur\u00fcck.<\/p>\n\n\n\n<p>Der Verein hat ca. 160 Mitglieder, hiervon nehmen etwa 70 Mitglieder an Wettk\u00e4mpfen und Meisterschaften teil.<\/p>\n\n\n\n<h2 class=\"wp-block-heading\">Tradition<\/h2>\n\n\n\n<p>In der Lersnerschen Chronik finden sich Hinweise darauf, da\u00df der Schie\u00dfsport in Nieder-Erlenbach bereits um das 15. Jahrhundert ausge\u00fcbt wurde. Von einer Vereinsgr\u00fcndung zu dieser Zeit ist aber nichts \u00fcberliefert.Nach der Gr\u00fcndung des Deutschen Sch\u00fctzenbundes in Gotha im Jahre 1861 fand im darauffolgenden Jahr in Frankfurt am Main das erste deutsche Bundesschie\u00dfen mit der Beteiligung einer ganzen Reihe Nieder-Erlenbacher B\u00fcrger statt.<\/p>\n\n\n\n<p>Im Jahr 1864 wurde dann am 31. Juli der Sch\u00fctzenverein Nieder-Erlenbach gegr\u00fcndet. Um den Schie\u00dfsport richtig durchzuf\u00fchren, wurden bald am Schwalbenberg 2 Bahnen \u00e0 175m und eine Bahn von 300m L\u00e4nge gebaut. Gleichzeitig errichtete man noch eine Halle, um gegen Witterungseinfl\u00fcsse gesch\u00fctzt zu sein. Auf dieser Sportanlage fanden dann die Preisschie\u00dfen, verbunden mit einem Volksfest, statt. Die Vereinschronik berichtet, dass auf der Wiese eifrig das Tanzbein geschwungen wurde. Aus dem Jahr 1875 ist die erste&nbsp;Schie\u00dfordnung&nbsp;bekannt.<\/p>\n\n\n\n<figure class=\"wp-block-image\"><img decoding=\"async\" src=\"https:\/\/www.sv-nieder-erlenbach.de\/wp-content\/uploads\/2020\/04\/Schiessordnung-568x1024.jpg\" alt=\"\" class=\"wp-image-324\"\/><\/figure>\n\n\n\n<h2 class=\"wp-block-heading\">Zwischen den beiden Weltkriegen<\/h2>\n\n\n\n<p>Nach dem 1.Weltkrieg wurde der Verein am 27. Mai 1921&nbsp;neugegr\u00fcndet. Die erste gr\u00f6\u00dfere Veranstaltung war der Sch\u00fctzenball im Januar 1922. Im Juni 1922 wurde ein neuer Schie\u00dfstand an der Stelle errichtet, wo er sich noch heute befindet.<\/p>\n\n\n\n<figure class=\"wp-block-image\"><img decoding=\"async\" src=\"https:\/\/www.sv-nieder-erlenbach.de\/wp-content\/uploads\/2020\/04\/Schiesshalle.jpg\" alt=\"\" class=\"wp-image-322\"\/><\/figure>\n\n\n\n<p>Der Bau wurde durch Spenden und die Ausgabe von Schuldscheinen finanziert.<\/p>\n\n\n\n<figure class=\"wp-block-image\"><img decoding=\"async\" src=\"https:\/\/www.sv-nieder-erlenbach.de\/wp-content\/uploads\/2020\/04\/Anteilschein.jpg\" alt=\"\" class=\"wp-image-321\"\/><\/figure>\n\n\n\n<p>In den 20er und 30er Jahren machte der Verein alle H\u00f6hen und Tiefen mit, nicht nur die wirtschaftlichen. Im Jahr 1933 wurde der Sch\u00fctzenverein wie alle Vereine gleichgeschaltet und damit seiner Selbstbestimmung und Selbstst\u00e4ndigkeit beraubt. Mit Beginn des 2. Weltkrieges kam das Vereinsleben allm\u00e4hlich zum Erliegen. Der Schie\u00dfstand wurde zur vormilit\u00e4rischen Ausbildung in Anspruch genommen.<\/p>\n\n\n\n<h2 class=\"wp-block-heading\">Nach dem 2. Weltkrieg<\/h2>\n\n\n\n<p>Am 31. Juli 1953 versammelten sich einige alte Vereinsmitglieder.<\/p>\n\n\n\n<figure class=\"wp-block-image\"><img decoding=\"async\" src=\"https:\/\/www.sv-nieder-erlenbach.de\/wp-content\/uploads\/2020\/04\/Neugruendungsmitgld.jpg\" alt=\"\" class=\"wp-image-320\"\/><\/figure>\n\n\n\n<p>Sie beschlossen, den 1945 von der allierten Milit\u00e4rregierung aufgel\u00f6sten Sch\u00fctzenverein 1864 Nieder-Erlenbach fortzuf\u00fchren. Anfang 1954 wurde der \u00dcbungsbetrieb mit dem Luftgewehr aufgenommen. Das Training und auch die Heimwettk\u00e4mpfe fanden in der Gastst\u00e4tte \u201cZum K\u00fchlen Grund\u201d statt. Bereits ein Jahr nach der Wiedergr\u00fcndung wurden Vereinsmeisterschaften ausgetragen. Im Kreis Obertaunus wurde an Kreismeisterschaften und Rundenk\u00e4mpfen teilgenommen. Seit Oktober 1973 k\u00f6nnen im B\u00fcrgerhaus 9 Luftgewehr- bzw. Luftpistolen-St\u00e4nde benutzt werden.<\/p>\n\n\n\n<p>Die Kleinkalibersch\u00fctzen mu\u00dften bis auf weiteres zu befreundeten Vereinen ausweichen. Der nach dem Krieg abgebaute Kleinkaliberstand wurde unter gro\u00dfer M\u00fche wieder aufgebaut und die Schie\u00dfanlage 1957 in Betrieb genommen. Zwischen Sch\u00fctzenstand und Kugelfang flo\u00df der Erlenbach hindurch. Bereits zehn Jahre sp\u00e4ter lie\u00df der Zustand des Schie\u00dfstandes kein Training und erst recht keine Wettk\u00e4mpfe mehr zu.<\/p>\n\n\n\n<p>Im Jahr 1971 begannen die Planungen f\u00fcr einen Neubau des KK-Standes und im Fr\u00fchjahr 1975 war der erste Spatenstich.<\/p>\n\n\n\n<figure class=\"wp-block-image\"><img decoding=\"async\" src=\"https:\/\/www.sv-nieder-erlenbach.de\/wp-content\/uploads\/2020\/04\/Einzug_der_Schuetzen2.jpg\" alt=\"\" class=\"wp-image-319\"\/><\/figure>\n\n\n\n<p>Am 8. und 9. Juli 1978 konnte der Schie\u00dfstand mit 5 Bahnen \u00fcber 25m f\u00fcr Faustfeuerwaffen und 6 Bahnen \u00fcber 50m f\u00fcr Langwaffen, mit sanit\u00e4ren Anlagen, einer K\u00fcche und einem Aufenthaltsraum eingeweiht werden.<\/p>\n\n\n\n<figure class=\"wp-block-image\"><img decoding=\"async\" src=\"https:\/\/www.sv-nieder-erlenbach.de\/wp-content\/uploads\/2020\/04\/Der_1te_Schuss.jpg\" alt=\"\" class=\"wp-image-318\"\/><\/figure>\n\n\n\n<p>In Eigenleistung wurden rund 6000 Arbeitsstunden erbracht.<\/p>\n\n\n\n<figure class=\"wp-block-image\"><img decoding=\"async\" src=\"https:\/\/www.sv-nieder-erlenbach.de\/wp-content\/uploads\/2020\/04\/Bauarbeiten2-583x1024.jpg\" alt=\"\" class=\"wp-image-317\"\/><\/figure>\n\n\n\n<p>Im Jahr 1964 feierte der Verein sein 100 j\u00e4hriges Bestehen mit einem Festkommers.<\/p>\n\n\n\n<figure class=\"wp-block-image\"><img decoding=\"async\" src=\"https:\/\/www.sv-nieder-erlenbach.de\/wp-content\/uploads\/2020\/04\/100-Jahre2.jpg\" alt=\"\" class=\"wp-image-316\"\/><\/figure>\n\n\n\n<p>1979 j\u00e4hrte sich die Gr\u00fcndung Nieder-Erlenbachs zum 1200mal. Der Sch\u00fctzenverein beteiligte sich am Festzug mit einem Motivwagen und Schwarzpulversch\u00fctzen.<\/p>\n\n\n\n<figure class=\"wp-block-image\"><img decoding=\"async\" src=\"https:\/\/www.sv-nieder-erlenbach.de\/wp-content\/uploads\/2020\/04\/Festwagen.jpg\" alt=\"\" class=\"wp-image-315\"\/><\/figure>\n\n\n\n<figure class=\"wp-block-image\"><img decoding=\"async\" src=\"https:\/\/www.sv-nieder-erlenbach.de\/wp-content\/uploads\/2020\/04\/Schwapuschuetzen.jpg\" alt=\"\" class=\"wp-image-323\"\/><\/figure>\n\n\n\n<p>Im Jahr 1989 wurde das 125. Bestehen des Vereins gefeiert. An dieser Stelle endet die niedergeschriebene Geschichte des Sch\u00fctzenvereins Nieder-Erlenbach und wir sind in der Gegenwart angekommen.<\/p>\n","protected":false},"excerpt":{"rendered":"<p>Der Sch\u00fctzenverein 1864 Nieder-Erlenbach e.V. ist der \u00e4lteste Verein Nieder-Erlenbachs und blickt auf eine langj\u00e4hrige Tradition zur\u00fcck. Der Verein hat [&hellip;]<\/p>\n","protected":false},"author":4,"featured_media":0,"parent":0,"menu_order":0,"comment_status":"closed","ping_status":"closed","template":"","meta":{"_uag_custom_page_level_css":"","site-sidebar-layout":"default","site-content-layout":"","ast-site-content-layout":"default","site-content-style":"default","site-sidebar-style":"default","ast-global-header-display":"","ast-banner-title-visibility":"","ast-main-header-display":"","ast-hfb-above-header-display":"","ast-hfb-below-header-display":"","ast-hfb-mobile-header-display":"","site-post-title":"","ast-breadcrumbs-content":"","ast-featured-img":"","footer-sml-layout":"","ast-disable-related-posts":"","theme-transparent-header-meta":"","adv-header-id-meta":"","stick-header-meta":"","header-above-stick-meta":"","header-main-stick-meta":"","header-below-stick-meta":"","astra-migrate-meta-layouts":"default","ast-page-background-enabled":"default","ast-page-background-meta":{"desktop":{"background-color":"var(--ast-global-color-5)","background-image":"","background-repeat":"repeat","background-position":"center center","background-size":"auto","background-attachment":"scroll","background-type":"","background-media":"","overlay-type":"","overlay-color":"","overlay-opacity":"","overlay-gradient":""},"tablet":{"background-color":"","background-image":"","background-repeat":"repeat","background-position":"center center","background-size":"auto","background-attachment":"scroll","background-type":"","background-media":"","overlay-type":"","overlay-color":"","overlay-opacity":"","overlay-gradient":""},"mobile":{"background-color":"","background-image":"","background-repeat":"repeat","background-position":"center center","background-size":"auto","background-attachment":"scroll","background-type":"","background-media":"","overlay-type":"","overlay-color":"","overlay-opacity":"","overlay-gradient":""}},"ast-content-background-meta":{"desktop":{"background-color":"var(--ast-global-color-4)","background-image":"","background-repeat":"repeat","background-position":"center center","background-size":"auto","background-attachment":"scroll","background-type":"","background-media":"","overlay-type":"","overlay-color":"","overlay-opacity":"","overlay-gradient":""},"tablet":{"background-color":"var(--ast-global-color-4)","background-image":"","background-repeat":"repeat","background-position":"center center","background-size":"auto","background-attachment":"scroll","background-type":"","background-media":"","overlay-type":"","overlay-color":"","overlay-opacity":"","overlay-gradient":""},"mobile":{"background-color":"var(--ast-global-color-4)","background-image":"","background-repeat":"repeat","background-position":"center center","background-size":"auto","background-attachment":"scroll","background-type":"","background-media":"","overlay-type":"","overlay-color":"","overlay-opacity":"","overlay-gradient":""}},"footnotes":""},"class_list":["post-157","page","type-page","status-publish","hentry"],"uagb_featured_image_src":{"full":false,"thumbnail":false,"medium":false,"medium_large":false,"large":false,"1536x1536":false,"2048x2048":false},"uagb_author_info":{"display_name":"Wolfgang Martin","author_link":"https:\/\/sv-nieder-erlenbach.de\/?author=4"},"uagb_comment_info":0,"uagb_excerpt":"Der Sch\u00fctzenverein 1864 Nieder-Erlenbach e.V. ist der \u00e4lteste Verein Nieder-Erlenbachs und blickt auf eine langj\u00e4hrige Tradition zur\u00fcck. Der Verein hat [&hellip;]","_links":{"self":[{"href":"https:\/\/sv-nieder-erlenbach.de\/index.php?rest_route=\/wp\/v2\/pages\/157","targetHints":{"allow":["GET"]}}],"collection":[{"href":"https:\/\/sv-nieder-erlenbach.de\/index.php?rest_route=\/wp\/v2\/pages"}],"about":[{"href":"https:\/\/sv-nieder-erlenbach.de\/index.php?rest_route=\/wp\/v2\/types\/page"}],"author":[{"embeddable":true,"href":"https:\/\/sv-nieder-erlenbach.de\/index.php?rest_route=\/wp\/v2\/users\/4"}],"replies":[{"embeddable":true,"href":"https:\/\/sv-nieder-erlenbach.de\/index.php?rest_route=%2Fwp%2Fv2%2Fcomments&post=157"}],"version-history":[{"count":1,"href":"https:\/\/sv-nieder-erlenbach.de\/index.php?rest_route=\/wp\/v2\/pages\/157\/revisions"}],"predecessor-version":[{"id":158,"href":"https:\/\/sv-nieder-erlenbach.de\/index.php?rest_route=\/wp\/v2\/pages\/157\/revisions\/158"}],"wp:attachment":[{"href":"https:\/\/sv-nieder-erlenbach.de\/index.php?rest_route=%2Fwp%2Fv2%2Fmedia&parent=157"}],"curies":[{"name":"wp","href":"https:\/\/api.w.org\/{rel}","templated":true}]}}