{"id":127,"date":"2026-02-24T10:23:07","date_gmt":"2026-02-24T09:23:07","guid":{"rendered":"https:\/\/sv1864.wmartin.eu\/?page_id=127"},"modified":"2026-02-24T10:23:07","modified_gmt":"2026-02-24T09:23:07","slug":"trainingszeiten","status":"publish","type":"page","link":"https:\/\/sv-nieder-erlenbach.de\/?page_id=127","title":{"rendered":"Trainingszeiten"},"content":{"rendered":"\n<p>Letzter Start 30 min. vor Standschlie\u00dfung.<\/p>\n\n\n\n<p><strong>Dienstags<\/strong><\/p>\n\n\n\n<figure class=\"wp-block-table\"><table class=\"has-fixed-layout\"><tbody><tr><td class=\"has-text-align-left\" data-align=\"left\">18:00 \u2013 20:00<\/td><td class=\"has-text-align-left\" data-align=\"left\">Alle Kaliber (nur f\u00fcr WBK Inhaber)<\/td><td class=\"has-text-align-left\" data-align=\"left\">Sch\u00fctzenhaus<\/td><\/tr><\/tbody><\/table><\/figure>\n\n\n\n<p><strong>Donnerstags<\/strong><\/p>\n\n\n\n<figure class=\"wp-block-table\"><table class=\"has-fixed-layout\"><tbody><tr><td class=\"has-text-align-left\" data-align=\"left\">20:00 \u2013 23:00<\/td><td class=\"has-text-align-left\" data-align=\"left\">Training Luftdruckwaffen<\/td><td class=\"has-text-align-left\" data-align=\"left\">Nieder Eschbach<\/td><\/tr><\/tbody><\/table><\/figure>\n\n\n\n<p><strong>Freitags<\/strong><\/p>\n\n\n\n<figure class=\"wp-block-table\"><table class=\"has-fixed-layout\"><tbody><tr><td class=\"has-text-align-left\" data-align=\"left\">17:00 \u2013 20:00<\/td><td class=\"has-text-align-left\" data-align=\"left\">Vorderlader<\/td><td class=\"has-text-align-left\" data-align=\"left\">Sch\u00fctzenhaus<\/td><\/tr><tr><td class=\"has-text-align-left\" data-align=\"left\">17:00 \u2013 20:00<\/td><td class=\"has-text-align-left\" data-align=\"left\">Alle Kaliber<\/td><td class=\"has-text-align-left\" data-align=\"left\">Sch\u00fctzenhaus<\/td><\/tr><\/tbody><\/table><\/figure>\n\n\n\n<p><strong>Samstags<\/strong><\/p>\n\n\n\n<figure class=\"wp-block-table\"><table class=\"has-fixed-layout\"><tbody><tr><td class=\"has-text-align-left\" data-align=\"left\">09:00 \u2013 13:00<\/td><td class=\"has-text-align-left\" data-align=\"left\">Vorderlader<\/td><td class=\"has-text-align-left\" data-align=\"left\">Sch\u00fctzenhaus<\/td><\/tr><tr><td class=\"has-text-align-left\" data-align=\"left\">09:00 \u2013 13:00<\/td><td class=\"has-text-align-left\" data-align=\"left\">Alle Kaliber<\/td><td class=\"has-text-align-left\" data-align=\"left\">Sch\u00fctzenhaus<\/td><\/tr><\/tbody><\/table><\/figure>\n\n\n\n<p><strong>Sonntags<\/strong>&nbsp;(Training mit Vereinswaffen)<\/p>\n\n\n\n<figure class=\"wp-block-table\"><table class=\"has-fixed-layout\"><tbody><tr><td class=\"has-text-align-left\" data-align=\"left\">10:00 \u2013 13:00<\/td><td class=\"has-text-align-left\" data-align=\"left\">Kleinkalibergewehr<\/td><td class=\"has-text-align-left\" data-align=\"left\">Sch\u00fctzenhaus<\/td><\/tr><tr><td class=\"has-text-align-left\" data-align=\"left\">10:00 \u2013 13:00<\/td><td class=\"has-text-align-left\" data-align=\"left\">Sportpistole<\/td><td class=\"has-text-align-left\" data-align=\"left\">Sch\u00fctzenhaus<\/td><\/tr><\/tbody><\/table><\/figure>\n\n\n\n<p>Diese Trainingszeiten stellen lediglich die Zeiten f\u00fcr das Schie\u00dfen unter Anleitung und Aufsicht dar und schr\u00e4nkt die allgemeinen Schie\u00dfzeiten nicht darauf ein. F\u00fcr Sondertrainings, Wettk\u00e4mpfe und Veranstaltungen wird der Schie\u00dfstand auch zu anderen Zeiten genutzt.<\/p>\n","protected":false},"excerpt":{"rendered":"<p>Letzter Start 30 min. vor Standschlie\u00dfung. Dienstags 18:00 \u2013 20:00 Alle Kaliber (nur f\u00fcr WBK Inhaber) Sch\u00fctzenhaus Donnerstags 20:00 \u2013 [&hellip;]<\/p>\n","protected":false},"author":4,"featured_media":0,"parent":0,"menu_order":0,"comment_status":"closed","ping_status":"closed","template":"","meta":{"_uag_custom_page_level_css":"","site-sidebar-layout":"default","site-content-layout":"","ast-site-content-layout":"default","site-content-style":"default","site-sidebar-style":"default","ast-global-header-display":"","ast-banner-title-visibility":"","ast-main-header-display":"","ast-hfb-above-header-display":"","ast-hfb-below-header-display":"","ast-hfb-mobile-header-display":"","site-post-title":"","ast-breadcrumbs-content":"","ast-featured-img":"","footer-sml-layout":"","ast-disable-related-posts":"","theme-transparent-header-meta":"","adv-header-id-meta":"","stick-header-meta":"","header-above-stick-meta":"","header-main-stick-meta":"","header-below-stick-meta":"","astra-migrate-meta-layouts":"default","ast-page-background-enabled":"default","ast-page-background-meta":{"desktop":{"background-color":"var(--ast-global-color-5)","background-image":"","background-repeat":"repeat","background-position":"center center","background-size":"auto","background-attachment":"scroll","background-type":"","background-media":"","overlay-type":"","overlay-color":"","overlay-opacity":"","overlay-gradient":""},"tablet":{"background-color":"","background-image":"","background-repeat":"repeat","background-position":"center center","background-size":"auto","background-attachment":"scroll","background-type":"","background-media":"","overlay-type":"","overlay-color":"","overlay-opacity":"","overlay-gradient":""},"mobile":{"background-color":"","background-image":"","background-repeat":"repeat","background-position":"center center","background-size":"auto","background-attachment":"scroll","background-type":"","background-media":"","overlay-type":"","overlay-color":"","overlay-opacity":"","overlay-gradient":""}},"ast-content-background-meta":{"desktop":{"background-color":"var(--ast-global-color-4)","background-image":"","background-repeat":"repeat","background-position":"center center","background-size":"auto","background-attachment":"scroll","background-type":"","background-media":"","overlay-type":"","overlay-color":"","overlay-opacity":"","overlay-gradient":""},"tablet":{"background-color":"var(--ast-global-color-4)","background-image":"","background-repeat":"repeat","background-position":"center center","background-size":"auto","background-attachment":"scroll","background-type":"","background-media":"","overlay-type":"","overlay-color":"","overlay-opacity":"","overlay-gradient":""},"mobile":{"background-color":"var(--ast-global-color-4)","background-image":"","background-repeat":"repeat","background-position":"center center","background-size":"auto","background-attachment":"scroll","background-type":"","background-media":"","overlay-type":"","overlay-color":"","overlay-opacity":"","overlay-gradient":""}},"footnotes":""},"class_list":["post-127","page","type-page","status-publish","hentry"],"uagb_featured_image_src":{"full":false,"thumbnail":false,"medium":false,"medium_large":false,"large":false,"1536x1536":false,"2048x2048":false},"uagb_author_info":{"display_name":"Wolfgang Martin","author_link":"https:\/\/sv-nieder-erlenbach.de\/?author=4"},"uagb_comment_info":0,"uagb_excerpt":"Letzter Start 30 min. vor Standschlie\u00dfung. Dienstags 18:00 \u2013 20:00 Alle Kaliber (nur f\u00fcr WBK Inhaber) Sch\u00fctzenhaus Donnerstags 20:00 \u2013 [&hellip;]","_links":{"self":[{"href":"https:\/\/sv-nieder-erlenbach.de\/index.php?rest_route=\/wp\/v2\/pages\/127","targetHints":{"allow":["GET"]}}],"collection":[{"href":"https:\/\/sv-nieder-erlenbach.de\/index.php?rest_route=\/wp\/v2\/pages"}],"about":[{"href":"https:\/\/sv-nieder-erlenbach.de\/index.php?rest_route=\/wp\/v2\/types\/page"}],"author":[{"embeddable":true,"href":"https:\/\/sv-nieder-erlenbach.de\/index.php?rest_route=\/wp\/v2\/users\/4"}],"replies":[{"embeddable":true,"href":"https:\/\/sv-nieder-erlenbach.de\/index.php?rest_route=%2Fwp%2Fv2%2Fcomments&post=127"}],"version-history":[{"count":2,"href":"https:\/\/sv-nieder-erlenbach.de\/index.php?rest_route=\/wp\/v2\/pages\/127\/revisions"}],"predecessor-version":[{"id":146,"href":"https:\/\/sv-nieder-erlenbach.de\/index.php?rest_route=\/wp\/v2\/pages\/127\/revisions\/146"}],"wp:attachment":[{"href":"https:\/\/sv-nieder-erlenbach.de\/index.php?rest_route=%2Fwp%2Fv2%2Fmedia&parent=127"}],"curies":[{"name":"wp","href":"https:\/\/api.w.org\/{rel}","templated":true}]}}