{"id":10,"date":"2026-02-20T14:31:34","date_gmt":"2026-02-20T13:31:34","guid":{"rendered":"http:\/\/localhost:8080\/?page_id=10"},"modified":"2026-03-08T07:59:11","modified_gmt":"2026-03-08T06:59:11","slug":"mein-home","status":"publish","type":"page","link":"https:\/\/sv-nieder-erlenbach.de\/","title":{"rendered":"Home"},"content":{"rendered":"\n<figure class=\"wp-block-image alignwide size-full\"><img loading=\"lazy\" decoding=\"async\" width=\"450\" height=\"250\" src=\"https:\/\/sv-nieder-erlenbach.de\/wp-content\/uploads\/2025\/06\/IMG-20250607-WA0018-1-scaled-3.jpgwp-content\/uploads\/2025\/01\/IMG_20241231_112444-2-scaled-2.jpgwp-content\/uploads\/2025\/01\/IMG_20241231_114540-1-scaled-3.jpgwp-content\/uploads\/2025\/01\/IMG_20241231_120551-2-scaled-2.jpgwp-content\/uploads\/2026\/02\/titel.jpg\" alt=\"\" class=\"wp-image-14\" srcset=\"https:\/\/sv-nieder-erlenbach.de\/wp-content\/uploads\/2026\/02\/titel.jpg 450w, https:\/\/sv-nieder-erlenbach.de\/wp-content\/uploads\/2026\/02\/titel-300x167.jpg 300w\" sizes=\"auto, (max-width: 450px) 100vw, 450px\" \/><\/figure>\n\n\n\n<h2 class=\"wp-block-heading\">News<\/h2>\n\n\n\n\t\t\t<div class=\"wp-block-uagb-post-grid uagb-post-grid  uagb-post__image-position-top uagb-post__image-enabled uagb-block-12934ade     uagb-post__items uagb-post__columns-3 is-grid uagb-post__columns-tablet-2 uagb-post__columns-mobile-1 uagb-post__equal-height\" data-total=\"9\" style=\"\">\n\n\t\t\t\t\t\t\t\t\t\t\t\t<article class=\"uagb-post__inner-wrap\">\t\t\t\t\t\t\t\t<div class='uagb-post__image'>\n\t\t\t\t\t\t\t\t\t<a href=\"https:\/\/sv-nieder-erlenbach.de\/?p=20\" target=\"_self\" rel=\"bookmark noopener noreferrer\" class='uagb-image-ratio-inherit'><img loading=\"lazy\" decoding=\"async\" width=\"1024\" height=\"768\" src=\"https:\/\/sv-nieder-erlenbach.de\/wp-content\/uploads\/2026\/02\/IMG-20250530-WA0009-1-1024x768.jpg\" class=\"attachment-large size-large\" alt=\"\" srcset=\"https:\/\/sv-nieder-erlenbach.de\/wp-content\/uploads\/2026\/02\/IMG-20250530-WA0009-1-1024x768.jpg 1024w, https:\/\/sv-nieder-erlenbach.de\/wp-content\/uploads\/2026\/02\/IMG-20250530-WA0009-1-300x225.jpg 300w, https:\/\/sv-nieder-erlenbach.de\/wp-content\/uploads\/2026\/02\/IMG-20250530-WA0009-1-768x576.jpg 768w, https:\/\/sv-nieder-erlenbach.de\/wp-content\/uploads\/2026\/02\/IMG-20250530-WA0009-1-1536x1152.jpg 1536w, https:\/\/sv-nieder-erlenbach.de\/wp-content\/uploads\/2026\/02\/IMG-20250530-WA0009-1.jpg 2048w\" sizes=\"auto, (max-width: 1024px) 100vw, 1024px\" \/>\t\t\t\t\t<\/a>\n\t\t\t\t\t\t\t<\/div>\n\t\t\t<div class=\"uag-post-grid-wrapper\">\t\t\t<h3 class=\"uagb-post__title uagb-post__text\">\n\t\t\t\t<a href=\"https:\/\/sv-nieder-erlenbach.de\/?p=20\" target=\"_self\" rel=\"bookmark noopener noreferrer\">Einladung zum Vatertag am Sch\u00fctzenhaus<\/a>\n\t\t\t<\/h3>\n\t\t\t\t\t\t<div class='uagb-post__text uagb-post-grid-byline'>\n\t\t\t\t\t\t\t<\/div>\n\t\t\t\t\t\t\t<div class='uagb-post__text uagb-post__excerpt'>\n\t\t\t\t\t<p>14. Mai 2026 Herzliche Einladung an alle Mitglieder und Freunde zum Vatertagsfest bei den Sch\u00fctzen!&#8230;\t\t\t\t<\/div>\n\t\t\t\t\t\t<div class=\"uagb-post__text uagb-post__cta wp-block-button\">\n\t\t\t\t<a class=\"wp-block-button__link uagb-text-link\" style=\"\" href=\"https:\/\/sv-nieder-erlenbach.de\/?p=20\" target=\"_self\" rel=\"bookmark noopener noreferrer\">Weiterlesen<\/a>\n\t\t\t<\/div>\n\t\t\t<\/div>\n\t\t\t\t\t\t\t\t\t<\/article>\n\t\t\t\t\t\t\t\t\t\t\t\t\t\t\t\t<article class=\"uagb-post__inner-wrap\">\t\t\t\t\t\t\t\t<div class='uagb-post__image'>\n\t\t\t\t\t\t\t\t\t<a href=\"https:\/\/sv-nieder-erlenbach.de\/?p=1329\" target=\"_self\" rel=\"bookmark noopener noreferrer\" class='uagb-image-ratio-inherit'><img loading=\"lazy\" decoding=\"async\" width=\"768\" height=\"1024\" src=\"https:\/\/sv-nieder-erlenbach.de\/wp-content\/uploads\/2026\/02\/IMG-20260225-WA0001-768x1024.jpg\" class=\"attachment-large size-large\" alt=\"\" srcset=\"https:\/\/sv-nieder-erlenbach.de\/wp-content\/uploads\/2026\/02\/IMG-20260225-WA0001-768x1024.jpg 768w, https:\/\/sv-nieder-erlenbach.de\/wp-content\/uploads\/2026\/02\/IMG-20260225-WA0001-225x300.jpg 225w, https:\/\/sv-nieder-erlenbach.de\/wp-content\/uploads\/2026\/02\/IMG-20260225-WA0001-1152x1536.jpg 1152w, https:\/\/sv-nieder-erlenbach.de\/wp-content\/uploads\/2026\/02\/IMG-20260225-WA0001.jpg 1536w\" sizes=\"auto, (max-width: 768px) 100vw, 768px\" \/>\t\t\t\t\t<\/a>\n\t\t\t\t\t\t\t<\/div>\n\t\t\t<div class=\"uag-post-grid-wrapper\">\t\t\t<h3 class=\"uagb-post__title uagb-post__text\">\n\t\t\t\t<a href=\"https:\/\/sv-nieder-erlenbach.de\/?p=1329\" target=\"_self\" rel=\"bookmark noopener noreferrer\">Gans viel Spa\u00df: R\u00fcckblick auf unsere Weihnachtsfeier \ud83c\udf84<\/a>\n\t\t\t<\/h3>\n\t\t\t\t\t\t<div class='uagb-post__text uagb-post-grid-byline'>\n\t\t\t\t\t\t\t<\/div>\n\t\t\t\t\t\t\t<div class='uagb-post__text uagb-post__excerpt'>\n\t\t\t\t\t<p>Was f\u00fcr ein sch\u00f6ner Abend! Am 13. Dezember haben wir es uns im Sch\u00fctzenhaus so&#8230;\t\t\t\t<\/div>\n\t\t\t\t\t\t<div class=\"uagb-post__text uagb-post__cta wp-block-button\">\n\t\t\t\t<a class=\"wp-block-button__link uagb-text-link\" style=\"\" href=\"https:\/\/sv-nieder-erlenbach.de\/?p=1329\" target=\"_self\" rel=\"bookmark noopener noreferrer\">Weiterlesen<\/a>\n\t\t\t<\/div>\n\t\t\t<\/div>\n\t\t\t\t\t\t\t\t\t<\/article>\n\t\t\t\t\t\t\t\t\t\t\t\t\t\t\t\t<article class=\"uagb-post__inner-wrap\">\t\t\t\t\t\t\t\t<div class='uagb-post__image'>\n\t\t\t\t\t\t\t\t\t<a href=\"https:\/\/sv-nieder-erlenbach.de\/?p=1311\" target=\"_self\" rel=\"bookmark noopener noreferrer\" class='uagb-image-ratio-inherit'><img loading=\"lazy\" decoding=\"async\" width=\"1024\" height=\"462\" src=\"https:\/\/sv-nieder-erlenbach.de\/wp-content\/uploads\/2026\/02\/IMG_20260226_193707_583-1024x462.jpg\" class=\"attachment-large size-large\" alt=\"\" srcset=\"https:\/\/sv-nieder-erlenbach.de\/wp-content\/uploads\/2026\/02\/IMG_20260226_193707_583-1024x462.jpg 1024w, https:\/\/sv-nieder-erlenbach.de\/wp-content\/uploads\/2026\/02\/IMG_20260226_193707_583-300x135.jpg 300w, https:\/\/sv-nieder-erlenbach.de\/wp-content\/uploads\/2026\/02\/IMG_20260226_193707_583-768x346.jpg 768w, https:\/\/sv-nieder-erlenbach.de\/wp-content\/uploads\/2026\/02\/IMG_20260226_193707_583.jpg 1280w\" sizes=\"auto, (max-width: 1024px) 100vw, 1024px\" \/>\t\t\t\t\t<\/a>\n\t\t\t\t\t\t\t<\/div>\n\t\t\t<div class=\"uag-post-grid-wrapper\">\t\t\t<h3 class=\"uagb-post__title uagb-post__text\">\n\t\t\t\t<a href=\"https:\/\/sv-nieder-erlenbach.de\/?p=1311\" target=\"_self\" rel=\"bookmark noopener noreferrer\">Oktoberfest im Sch\u00fctzenhaus: Ein Abend voller Tradition, Geschick und Gem\u00fctlichkeit!<\/a>\n\t\t\t<\/h3>\n\t\t\t\t\t\t<div class='uagb-post__text uagb-post-grid-byline'>\n\t\t\t\t\t\t\t<\/div>\n\t\t\t\t\t\t\t<div class='uagb-post__text uagb-post__excerpt'>\n\t\t\t\t\t<p>Am 24. Oktober verwandelte sich unser Sch\u00fctzenhaus in eine kleine Wiesn-Oase! Bei z\u00fcnftiger Musik, leckerem&#8230;\t\t\t\t<\/div>\n\t\t\t\t\t\t<div class=\"uagb-post__text uagb-post__cta wp-block-button\">\n\t\t\t\t<a class=\"wp-block-button__link uagb-text-link\" style=\"\" href=\"https:\/\/sv-nieder-erlenbach.de\/?p=1311\" target=\"_self\" rel=\"bookmark noopener noreferrer\">Weiterlesen<\/a>\n\t\t\t<\/div>\n\t\t\t<\/div>\n\t\t\t\t\t\t\t\t\t<\/article>\n\t\t\t\t\t\t\t\t\t\t\t\t\t\t\t\t<article class=\"uagb-post__inner-wrap\">\t\t\t\t\t\t\t\t<div class='uagb-post__image'>\n\t\t\t\t\t\t\t\t\t<a href=\"https:\/\/sv-nieder-erlenbach.de\/?p=1\" target=\"_self\" rel=\"bookmark noopener noreferrer\" class='uagb-image-ratio-inherit'><img loading=\"lazy\" decoding=\"async\" width=\"450\" height=\"250\" src=\"https:\/\/sv-nieder-erlenbach.de\/wp-content\/uploads\/2026\/02\/titel.jpg\" class=\"attachment-large size-large\" alt=\"\" srcset=\"https:\/\/sv-nieder-erlenbach.de\/wp-content\/uploads\/2026\/02\/titel.jpg 450w, https:\/\/sv-nieder-erlenbach.de\/wp-content\/uploads\/2026\/02\/titel-300x167.jpg 300w\" sizes=\"auto, (max-width: 450px) 100vw, 450px\" \/>\t\t\t\t\t<\/a>\n\t\t\t\t\t\t\t<\/div>\n\t\t\t<div class=\"uag-post-grid-wrapper\">\t\t\t<h3 class=\"uagb-post__title uagb-post__text\">\n\t\t\t\t<a href=\"https:\/\/sv-nieder-erlenbach.de\/?p=1\" target=\"_self\" rel=\"bookmark noopener noreferrer\">\u2026es lebe der neue K\u00f6nig!<\/a>\n\t\t\t<\/h3>\n\t\t\t\t\t\t<div class='uagb-post__text uagb-post-grid-byline'>\n\t\t\t\t\t\t\t<\/div>\n\t\t\t\t\t\t\t<div class='uagb-post__text uagb-post__excerpt'>\n\t\t\t\t\t<p>5. Oktober 2025 am 13.07.2025 fand wieder unser traditionelles K\u00f6nigsschie\u00dfen statt.Der amtierende K\u00f6nig Serge musste&#8230;\t\t\t\t<\/div>\n\t\t\t\t\t\t<div class=\"uagb-post__text uagb-post__cta wp-block-button\">\n\t\t\t\t<a class=\"wp-block-button__link uagb-text-link\" style=\"\" href=\"https:\/\/sv-nieder-erlenbach.de\/?p=1\" target=\"_self\" rel=\"bookmark noopener noreferrer\">Weiterlesen<\/a>\n\t\t\t<\/div>\n\t\t\t<\/div>\n\t\t\t\t\t\t\t\t\t<\/article>\n\t\t\t\t\t\t\t\t\t\t\t<\/div>\n\t\t\t\n\n\n<div class=\"wp-block-buttons is-layout-flex wp-block-buttons-is-layout-flex\">\n<div class=\"wp-block-button\"><a class=\"wp-block-button__link wp-element-button\" href=\"https:\/\/sv-nieder-erlenbach.de\/?page_id=1272\">Alle News<\/a><\/div>\n<\/div>\n\n\n\n<div class=\"wp-block-uagb-container uagb-block-71bee739 alignfull uagb-is-root-container\"><div class=\"uagb-container-inner-blocks-wrap\">\n<div class=\"wp-block-uagb-container uagb-block-66b48b1b\">\n<h2 class=\"wp-block-heading\">\u00dcber uns&#8230;<\/h2>\n\n\n\n<div class=\"wp-block-uagb-info-box uagb-block-71aa8bfb uagb-infobox__content-wrap  uagb-infobox-icon-above-title uagb-infobox-image-valign-top\"><div class=\"uagb-ifb-content\"><div class=\"uagb-ifb-title-wrap\"><\/div><p class=\"uagb-ifb-desc\">Der Sch\u00fctzenverein 1864 Nieder-Erlenbach e.V. ist der \u00e4lteste Verein Nieder-Erlenbachs und blickt auf eine langj\u00e4hrige Tradition zur\u00fcck.<br>Der Verein hat ca. 160 Mitglieder, hiervon nehmen etwa 70 Mitglieder an Wettk\u00e4mpfen und Meisterschaften teil.<br><\/p><\/div><\/div>\n\n\n\n<div class=\"wp-block-buttons alignwide is-content-justification-center is-layout-flex wp-container-core-buttons-is-layout-a89b3969 wp-block-buttons-is-layout-flex\">\n<div class=\"wp-block-button\"><a class=\"wp-block-button__link wp-element-button\" href=\"https:\/\/sv-nieder-erlenbach.de\/?page_id=157\">Weiterlesen<\/a><\/div>\n<\/div>\n\n\n\n<p><\/p>\n\n\n\n<p><\/p>\n\n\n\n<h2 class=\"wp-block-heading has-text-align-center\">Trainingszeiten<\/h2>\n\n\n\n<div class=\"wp-block-uagb-info-box uagb-block-693b1750 uagb-infobox__content-wrap  uagb-infobox-icon-above-title uagb-infobox-image-valign-top\"><div class=\"uagb-ifb-content\"><div class=\"uagb-ifb-title-wrap\"><\/div><p class=\"uagb-ifb-desc\">Letzter Start 30 min. vor Standschlie\u00dfung.<br><strong>Dienstags<\/strong><br>18:00 \u2013 20:00<br>Alle Kaliber (nur f\u00fcr WBK Inhaber)<br>Sch\u00fctzenhaus<\/p><\/div><\/div>\n\n\n\n<div class=\"wp-block-buttons is-content-justification-center is-layout-flex wp-container-core-buttons-is-layout-a89b3969 wp-block-buttons-is-layout-flex\">\n<div class=\"wp-block-button\"><a class=\"wp-block-button__link wp-element-button\" href=\"https:\/\/sv-nieder-erlenbach.de\/?page_id=127\">Weiterlesen<\/a><\/div>\n<\/div>\n<\/div>\n\n\n\n<div class=\"wp-block-uagb-container uagb-block-58cbe7bd\">\n<h2 class=\"wp-block-heading\">Termine<\/h2>\n\n\n\n<figure class=\"wp-block-table\"><table><tbody><tr><td>Datum<\/td><td>Beschreibung<\/td><td>Uhrzeit<\/td><td>Ort<\/td><\/tr><tr><td>31\/01\/2026<\/td><td>Arbeitseinsatz<\/td><td>9:00<\/td><td>Sch\u00fctzenhaus<\/td><\/tr><tr><td>06\/03\/2026<\/td><td>Arbeitseinsatz<\/td><td>17:00<\/td><td>Sch\u00fctzenhaus<\/td><\/tr><tr><td>11\/03\/2026<\/td><td>Hauptversammlung<\/td><td>20:00<\/td><td>Sch\u00fctzenhaus<\/td><\/tr><tr><td>24\/03\/2026<\/td><td>Sicherheitsunterweisung<\/td><td>19:00<\/td><td>Sch\u00fctzenhaus<\/td><\/tr><tr><td>29\/03\/2026<\/td><td>Osterkaffee<\/td><td>15:00<\/td><td>Sch\u00fctzenhaus<\/td><\/tr><tr><td>11\/04\/2026<\/td><td>Arbeitseinsatz<\/td><td>9:00<\/td><td>Sch\u00fctzenhaus<\/td><\/tr><tr><td>25\/04\/2026<\/td><td>Sachkunde<\/td><td>9:00<\/td><td>Sch\u00fctzenhaus<\/td><\/tr><tr><td>26\/04\/2026<\/td><td>Sachkunde<\/td><td>9:00<\/td><td>Sch\u00fctzenhaus<\/td><\/tr><tr><td>08\/05\/2026<\/td><td>Arbeitseinsatz<\/td><td>17:00<\/td><td>Sch\u00fctzenhaus<\/td><\/tr><tr><td>14\/05\/2026<\/td><td>Vatertag<\/td><td>11:00<\/td><td>Sch\u00fctzenhaus<\/td><\/tr><tr><td>15\/05\/2026<\/td><td>Abbau und Helferfest<\/td><td>3:00:00 pm<\/td><td>Sch\u00fctzenhaus<\/td><\/tr><tr><td>06\/06\/2026<\/td><td>Arbeitseinsatz<\/td><td>9:00<\/td><td>Sch\u00fctzenhaus<\/td><\/tr><tr><td>03\/07\/2026<\/td><td>Arbeitseinsatz<\/td><td>17:00<\/td><td>Sch\u00fctzenhaus<\/td><\/tr><tr><td>12\/07\/2026<\/td><td>K\u00f6nigsschie\u00dfen<\/td><td>10:00<\/td><td>Sch\u00fctzenhaus<\/td><\/tr><tr><td>01\/08\/2026<\/td><td>Arbeitseinsatz<\/td><td>9:00<\/td><td>Sch\u00fctzenhaus<\/td><\/tr><tr><td>11\/09\/2026<\/td><td>Arbeitseinsatz<\/td><td>17:00<\/td><td>Sch\u00fctzenhaus<\/td><\/tr><tr><td>17\/09\/2026<\/td><td>VM Luftdruck<\/td><td>20:00<\/td><td>Sch\u00fctzenhaus<\/td><\/tr><tr><td>19\/09\/2026<\/td><td>VM UHR und Schwarzpulver<\/td><td>10:00<\/td><td>Sch\u00fctzenhaus<\/td><\/tr><tr><td>04\/10\/2026<\/td><td>VM Spopi\/Freie\/KK Gewehr<\/td><td>10:00<\/td><td>Sch\u00fctzenhaus<\/td><\/tr><tr><td>09\/10\/2026<\/td><td>Arbeitseinsatz<\/td><td>17:00<\/td><td>Sch\u00fctzenhaus<\/td><\/tr><tr><td>17\/10\/2026<\/td><td>VM GK Pistole<\/td><td>10:00<\/td><td>Sch\u00fctzenhaus<\/td><\/tr><tr><td>07\/11\/2026<\/td><td>Arbeitseinsatz<\/td><td>9:00<\/td><td>Sch\u00fctzenhaus<\/td><\/tr><tr><td>18\/11\/2026<\/td><td>\u015cicherheitsunterweisung<\/td><td>19:00<\/td><td>Sch\u00fctzenhaus<\/td><\/tr><tr><td>11\/12\/2026<\/td><td>Arbeitseinsatz<\/td><td>17:00<\/td><td>Sch\u00fctzenhaus<\/td><\/tr><tr><td>12\/12\/2026<\/td><td>Weihnachtsfeier<\/td><td>17:00<\/td><td>Sch\u00fctzenhaus<\/td><\/tr><tr><td>31\/12\/2026<\/td><td>Silvesterschie\u00dfen<\/td><td>10:00<\/td><td>Sch\u00fctzenhaus<\/td><\/tr><tr><td>09\/01\/2027<\/td><td>Neujahrsempfang<\/td><td>18:00<\/td><td>Sch\u00fctzenhaus<\/td><\/tr><\/tbody><\/table><figcaption class=\"wp-element-caption\"><a href=\"https:\/\/sv-nieder-erlenbach.de\/?page_id=80\" data-type=\"page\" data-id=\"80\">Termine<\/a> (Download und ICS Datei)<\/figcaption><\/figure>\n<\/div>\n<\/div><\/div>\n\n\n\n<p><\/p>\n","protected":false},"excerpt":{"rendered":"<p>News \u00dcber uns&#8230; Trainingszeiten Termine Datum Beschreibung Uhrzeit Ort 31\/01\/2026 Arbeitseinsatz 9:00 Sch\u00fctzenhaus 06\/03\/2026 Arbeitseinsatz 17:00 Sch\u00fctzenhaus 11\/03\/2026 Hauptversammlung 20:00 [&hellip;]<\/p>\n","protected":false},"author":4,"featured_media":0,"parent":0,"menu_order":0,"comment_status":"closed","ping_status":"closed","template":"","meta":{"_uag_custom_page_level_css":"","site-sidebar-layout":"no-sidebar","site-content-layout":"","ast-site-content-layout":"default","site-content-style":"boxed","site-sidebar-style":"default","ast-global-header-display":"","ast-banner-title-visibility":"disabled","ast-main-header-display":"","ast-hfb-above-header-display":"","ast-hfb-below-header-display":"","ast-hfb-mobile-header-display":"","site-post-title":"","ast-breadcrumbs-content":"","ast-featured-img":"","footer-sml-layout":"","ast-disable-related-posts":"","theme-transparent-header-meta":"","adv-header-id-meta":"","stick-header-meta":"","header-above-stick-meta":"","header-main-stick-meta":"","header-below-stick-meta":"","astra-migrate-meta-layouts":"default","ast-page-background-enabled":"default","ast-page-background-meta":{"desktop":{"background-color":"var(--ast-global-color-5)","background-image":"","background-repeat":"repeat","background-position":"center center","background-size":"auto","background-attachment":"scroll","background-type":"","background-media":"","overlay-type":"","overlay-color":"","overlay-opacity":"","overlay-gradient":""},"tablet":{"background-color":"","background-image":"","background-repeat":"repeat","background-position":"center center","background-size":"auto","background-attachment":"scroll","background-type":"","background-media":"","overlay-type":"","overlay-color":"","overlay-opacity":"","overlay-gradient":""},"mobile":{"background-color":"","background-image":"","background-repeat":"repeat","background-position":"center center","background-size":"auto","background-attachment":"scroll","background-type":"","background-media":"","overlay-type":"","overlay-color":"","overlay-opacity":"","overlay-gradient":""}},"ast-content-background-meta":{"desktop":{"background-color":"var(--ast-global-color-4)","background-image":"","background-repeat":"repeat","background-position":"center center","background-size":"auto","background-attachment":"scroll","background-type":"","background-media":"","overlay-type":"","overlay-color":"","overlay-opacity":"","overlay-gradient":""},"tablet":{"background-color":"var(--ast-global-color-4)","background-image":"","background-repeat":"repeat","background-position":"center center","background-size":"auto","background-attachment":"scroll","background-type":"","background-media":"","overlay-type":"","overlay-color":"","overlay-opacity":"","overlay-gradient":""},"mobile":{"background-color":"var(--ast-global-color-4)","background-image":"","background-repeat":"repeat","background-position":"center center","background-size":"auto","background-attachment":"scroll","background-type":"","background-media":"","overlay-type":"","overlay-color":"","overlay-opacity":"","overlay-gradient":""}},"footnotes":""},"class_list":["post-10","page","type-page","status-publish","hentry"],"uagb_featured_image_src":{"full":false,"thumbnail":false,"medium":false,"medium_large":false,"large":false,"1536x1536":false,"2048x2048":false},"uagb_author_info":{"display_name":"Wolfgang Martin","author_link":"https:\/\/sv-nieder-erlenbach.de\/?author=4"},"uagb_comment_info":0,"uagb_excerpt":"News \u00dcber uns&#8230; Trainingszeiten Termine Datum Beschreibung Uhrzeit Ort 31\/01\/2026 Arbeitseinsatz 9:00 Sch\u00fctzenhaus 06\/03\/2026 Arbeitseinsatz 17:00 Sch\u00fctzenhaus 11\/03\/2026 Hauptversammlung 20:00 [&hellip;]","_links":{"self":[{"href":"https:\/\/sv-nieder-erlenbach.de\/index.php?rest_route=\/wp\/v2\/pages\/10","targetHints":{"allow":["GET"]}}],"collection":[{"href":"https:\/\/sv-nieder-erlenbach.de\/index.php?rest_route=\/wp\/v2\/pages"}],"about":[{"href":"https:\/\/sv-nieder-erlenbach.de\/index.php?rest_route=\/wp\/v2\/types\/page"}],"author":[{"embeddable":true,"href":"https:\/\/sv-nieder-erlenbach.de\/index.php?rest_route=\/wp\/v2\/users\/4"}],"replies":[{"embeddable":true,"href":"https:\/\/sv-nieder-erlenbach.de\/index.php?rest_route=%2Fwp%2Fv2%2Fcomments&post=10"}],"version-history":[{"count":61,"href":"https:\/\/sv-nieder-erlenbach.de\/index.php?rest_route=\/wp\/v2\/pages\/10\/revisions"}],"predecessor-version":[{"id":1357,"href":"https:\/\/sv-nieder-erlenbach.de\/index.php?rest_route=\/wp\/v2\/pages\/10\/revisions\/1357"}],"wp:attachment":[{"href":"https:\/\/sv-nieder-erlenbach.de\/index.php?rest_route=%2Fwp%2Fv2%2Fmedia&parent=10"}],"curies":[{"name":"wp","href":"https:\/\/api.w.org\/{rel}","templated":true}]}}